{"id":29,"date":"2017-11-23T16:54:59","date_gmt":"2017-11-23T15:54:59","guid":{"rendered":"http:\/\/www.plantconceptgmbh.de\/en\/?page_id=29"},"modified":"2025-10-17T12:39:26","modified_gmt":"2025-10-17T10:39:26","slug":"ihre-ansprechpartner","status":"publish","type":"page","link":"https:\/\/www.plantconceptgmbh.de\/en\/ihre-ansprechpartner\/","title":{"rendered":"Your Contact"},"content":{"rendered":"<div class=\"container-fluid\">\n<h3>We create solutions &#8211; personally and individually<\/h3>\n<p>We are your reliable and flexible logistics partner with a pronounced quality awareness!<br \/>\nBy wide logistic knowledge and need inquiry in the\u00a0personal conversation\u00a0we\u00a0find\u00a0the\u00a0optimum solution\u00a0for you.<\/p>\n<p>Meanwhile our qualified team of dispatchers and drivers will always provide you with competent assistance \u2013 we do not leave you alone or in the waiting loop of an anonymous hotline.<\/p>\n<p>Do not hesitate to contact us!<br \/>\nTel .: +49 2302 202 4874 &#8211; Fax: +49 2302 202 4875<br \/>\n<span style=\"font-size: 1.0625rem\">mail: <\/span><a style=\"background-color: #ffffff;font-size: 1.0625rem\" href=\"mailto:info@plc-gmbh.de\">info@plc-gmbh.de<\/a><\/p>\n<div class=\"container-fluid\">\n<div class=\"row\">\n<div class=\"col-md-12\">\n<table style=\"height: 936px\" width=\"518\">\n<tbody>\n<tr>\n<td width=\"198\"><strong>Gesch\u00e4ftsf\u00fchrung\/CEO<br \/>\n<\/strong><strong>Verkauf\/Sales<\/strong><\/td>\n<td width=\"198\"><strong>Finanzen\/Prokura<\/strong><\/td>\n<\/tr>\n<tr>\n<td width=\"198\">Michael Thomas<\/td>\n<td width=\"198\">Alexandra Thomas<\/td>\n<\/tr>\n<tr>\n<td width=\"83\"><img data-recalc-dims=\"1\" loading=\"lazy\" decoding=\"async\" class=\"size-full wp-image-330 alignleft\" src=\"https:\/\/i0.wp.com\/www.plantconceptgmbh.de\/wp-content\/uploads\/2017\/11\/MichaelT2-e1511200339490.jpg?resize=150%2C230\" alt=\"\" width=\"150\" height=\"230\" \/><\/td>\n<td width=\"198\"><img data-recalc-dims=\"1\" loading=\"lazy\" decoding=\"async\" class=\"wp-image-331 alignleft\" src=\"https:\/\/i0.wp.com\/www.plantconceptgmbh.de\/wp-content\/uploads\/2017\/11\/AlexT2-e1551118853270.jpg?resize=178%2C226\" alt=\"\" width=\"178\" height=\"226\" \/><\/td>\n<\/tr>\n<tr>\n<td width=\"83\"><strong>Disposition &amp; Abwicklung\u00a0<\/strong><\/td>\n<td width=\"198\"><\/td>\n<\/tr>\n<tr>\n<td width=\"83\">Anika Dibbert<\/td>\n<td width=\"198\">Sarah Buschner<\/td>\n<\/tr>\n<tr>\n<td width=\"83\"><img data-recalc-dims=\"1\" loading=\"lazy\" decoding=\"async\" class=\"size-full wp-image-626 alignleft\" src=\"https:\/\/i0.wp.com\/www.plantconceptgmbh.de\/wp-content\/uploads\/2019\/02\/Foto-Anika-Dibbert3.jpg?resize=133%2C200\" alt=\"\" width=\"133\" height=\"200\" \/><\/td>\n<td width=\"198\"><img data-recalc-dims=\"1\" loading=\"lazy\" decoding=\"async\" data-attachment-id=\"438\" data-permalink=\"https:\/\/www.plantconceptgmbh.de\/en\/ihre-ansprechpartner\/sarah-buschner\/\" data-orig-file=\"https:\/\/i0.wp.com\/www.plantconceptgmbh.de\/en\/wp-content\/uploads\/sites\/5\/2022\/07\/Sarah-Buschner.jpg?fit=297%2C320&amp;ssl=1\" data-orig-size=\"297,320\" data-comments-opened=\"0\" data-image-meta=\"{&quot;aperture&quot;:&quot;0&quot;,&quot;credit&quot;:&quot;&quot;,&quot;camera&quot;:&quot;&quot;,&quot;caption&quot;:&quot;&quot;,&quot;created_timestamp&quot;:&quot;0&quot;,&quot;copyright&quot;:&quot;&quot;,&quot;focal_length&quot;:&quot;0&quot;,&quot;iso&quot;:&quot;0&quot;,&quot;shutter_speed&quot;:&quot;0&quot;,&quot;title&quot;:&quot;&quot;,&quot;orientation&quot;:&quot;0&quot;}\" data-image-title=\"Sarah Buschner\" data-image-description=\"\" data-image-caption=\"\" data-large-file=\"https:\/\/i0.wp.com\/www.plantconceptgmbh.de\/en\/wp-content\/uploads\/sites\/5\/2022\/07\/Sarah-Buschner.jpg?fit=297%2C320&amp;ssl=1\" class=\"alignnone wp-image-438\" src=\"https:\/\/i0.wp.com\/www.plantconceptgmbh.de\/en\/wp-content\/uploads\/sites\/5\/2022\/07\/Sarah-Buschner.jpg?resize=171%2C185\" alt=\"\" width=\"171\" height=\"185\" srcset=\"https:\/\/i0.wp.com\/www.plantconceptgmbh.de\/en\/wp-content\/uploads\/sites\/5\/2022\/07\/Sarah-Buschner.jpg?resize=278%2C300&amp;ssl=1 278w, https:\/\/i0.wp.com\/www.plantconceptgmbh.de\/en\/wp-content\/uploads\/sites\/5\/2022\/07\/Sarah-Buschner.jpg?w=297&amp;ssl=1 297w\" sizes=\"auto, (max-width: 171px) 100vw, 171px\" \/><\/td>\n<\/tr>\n<tr>\n<td width=\"83\">Lena Heghmans<\/td>\n<td width=\"198\"><\/td>\n<\/tr>\n<tr>\n<td width=\"83\"><img data-recalc-dims=\"1\" loading=\"lazy\" decoding=\"async\" class=\"wp-image-748 alignnone\" src=\"https:\/\/i0.wp.com\/www.plantconceptgmbh.de\/wp-content\/uploads\/2020\/06\/IMG_0836.jpg?resize=135%2C201\" alt=\"\" width=\"135\" height=\"201\" \/><\/td>\n<td width=\"198\"><\/td>\n<\/tr>\n<tr>\n<td width=\"83\"><strong>Vertrieb\/Sales<\/strong><\/td>\n<td width=\"198\"><strong>Motivations-Manager<\/strong><\/td>\n<\/tr>\n<tr>\n<td width=\"83\">Herr Willemsen<br \/>\n<img data-recalc-dims=\"1\" loading=\"lazy\" decoding=\"async\" class=\"alignnone size-full wp-image-387\" src=\"https:\/\/i0.wp.com\/www.plantconceptgmbh.de\/wp-content\/uploads\/2017\/12\/Willemsen-e1512652081608.jpg?resize=150%2C163\" alt=\"\" width=\"150\" height=\"163\" \/><\/td>\n<td width=\"198\">Kira<br \/>\n<img data-recalc-dims=\"1\" loading=\"lazy\" decoding=\"async\" class=\"alignnone size-full wp-image-323\" src=\"https:\/\/i0.wp.com\/www.plantconceptgmbh.de\/wp-content\/uploads\/2017\/11\/Kira-e1511200576552.jpg?resize=150%2C159\" alt=\"\" width=\"150\" height=\"159\" \/><\/td>\n<\/tr>\n<tr>\n<td width=\"83\"><strong>Fahrer\/Drivers<\/strong><\/td>\n<td width=\"198\"><\/td>\n<\/tr>\n<tr>\n<td width=\"83\"><\/td>\n<td width=\"198\"><\/td>\n<\/tr>\n<tr>\n<td width=\"83\">Fabian Baghi<\/td>\n<td width=\"198\">Irek Mroczek<\/td>\n<\/tr>\n<tr>\n<td width=\"83\"><img data-recalc-dims=\"1\" loading=\"lazy\" decoding=\"async\" class=\"wp-image-522 alignleft\" src=\"https:\/\/i0.wp.com\/www.plantconceptgmbh.de\/wp-content\/uploads\/2018\/05\/Baghi_neu_bearbeitet-1.png?resize=157%2C210\" alt=\"\" width=\"157\" height=\"210\" \/><\/td>\n<td width=\"198\"><img data-recalc-dims=\"1\" loading=\"lazy\" decoding=\"async\" class=\"alignnone size-full wp-image-327\" src=\"https:\/\/i0.wp.com\/www.plantconceptgmbh.de\/wp-content\/uploads\/2017\/11\/Irek_bearbeitet-1-e1511200668610.jpg?resize=150%2C192\" alt=\"\" width=\"150\" height=\"192\" \/><\/td>\n<\/tr>\n<tr>\n<td width=\"83\"><\/td>\n<td width=\"198\"><\/td>\n<\/tr>\n<tr>\n<td width=\"83\">Falko Reitz<\/td>\n<td width=\"198\">Jennifer Sennert<\/td>\n<\/tr>\n<tr>\n<td width=\"83\"><img data-recalc-dims=\"1\" loading=\"lazy\" decoding=\"async\" data-attachment-id=\"337\" data-permalink=\"https:\/\/www.plantconceptgmbh.de\/en\/8b65a4db-3d5d-4490-adff-2d1e73b629af\/\" data-orig-file=\"https:\/\/i0.wp.com\/www.plantconceptgmbh.de\/en\/wp-content\/uploads\/sites\/5\/2018\/12\/8b65a4db-3d5d-4490-adff-2d1e73b629af.jpg?fit=735%2C1206&amp;ssl=1\" data-orig-size=\"735,1206\" data-comments-opened=\"0\" data-image-meta=\"{&quot;aperture&quot;:&quot;0&quot;,&quot;credit&quot;:&quot;&quot;,&quot;camera&quot;:&quot;&quot;,&quot;caption&quot;:&quot;&quot;,&quot;created_timestamp&quot;:&quot;0&quot;,&quot;copyright&quot;:&quot;&quot;,&quot;focal_length&quot;:&quot;0&quot;,&quot;iso&quot;:&quot;0&quot;,&quot;shutter_speed&quot;:&quot;0&quot;,&quot;title&quot;:&quot;&quot;,&quot;orientation&quot;:&quot;0&quot;}\" data-image-title=\"8b65a4db-3d5d-4490-adff-2d1e73b629af\" data-image-description=\"\" data-image-caption=\"\" data-large-file=\"https:\/\/i0.wp.com\/www.plantconceptgmbh.de\/en\/wp-content\/uploads\/sites\/5\/2018\/12\/8b65a4db-3d5d-4490-adff-2d1e73b629af.jpg?fit=624%2C1024&amp;ssl=1\" class=\"alignnone size-full wp-image-337\" src=\"https:\/\/i0.wp.com\/www.plantconceptgmbh.de\/wp-content\/uploads\/2017\/11\/Falko-e1511203699551.jpg?resize=150%2C164\" alt=\"\" width=\"150\" height=\"164\" \/><\/td>\n<td width=\"198\"><img data-recalc-dims=\"1\" loading=\"lazy\" decoding=\"async\" class=\"alignnone size-full wp-image-339\" src=\"https:\/\/i0.wp.com\/www.plantconceptgmbh.de\/wp-content\/uploads\/2017\/11\/Jennifer-e1511204159921.jpg?resize=150%2C156\" alt=\"\" width=\"150\" height=\"156\" \/><\/td>\n<\/tr>\n<tr>\n<td width=\"83\">Detlev Wilhelm Victor<\/td>\n<td width=\"198\">Hans-J\u00fcrgen Sonnen<\/td>\n<\/tr>\n<tr>\n<td width=\"83\"><img data-recalc-dims=\"1\" loading=\"lazy\" decoding=\"async\" class=\"alignnone wp-image-798\" src=\"https:\/\/i0.wp.com\/www.plantconceptgmbh.de\/wp-content\/uploads\/2021\/07\/DetlefWilhelmVictor.jpg?resize=135%2C154\" alt=\"\" width=\"135\" height=\"154\" \/><\/td>\n<td width=\"198\"><img data-recalc-dims=\"1\" loading=\"lazy\" decoding=\"async\" class=\"alignnone wp-image-708\" src=\"https:\/\/i0.wp.com\/www.plantconceptgmbh.de\/wp-content\/uploads\/2019\/12\/HJ_Sonnen.jpg?resize=154%2C183\" alt=\"\" width=\"154\" height=\"183\" \/><\/td>\n<\/tr>\n<tr>\n<td width=\"83\">Guido Mangelmann<\/td>\n<td width=\"198\">Werner Holland<\/td>\n<\/tr>\n<tr>\n<td width=\"83\"><img data-recalc-dims=\"1\" loading=\"lazy\" decoding=\"async\" class=\"\" src=\"https:\/\/i0.wp.com\/www.plantconceptgmbh.de\/wp-content\/uploads\/2019\/12\/Guido-Mangelmann.jpg?resize=137%2C183\" width=\"137\" height=\"183\" \/><\/td>\n<td width=\"198\"><img data-recalc-dims=\"1\" loading=\"lazy\" decoding=\"async\" class=\"\" src=\"https:\/\/i0.wp.com\/www.plantconceptgmbh.de\/wp-content\/uploads\/2019\/12\/Werner-Holland.jpg?resize=157%2C181\" width=\"157\" height=\"181\" \/><\/td>\n<\/tr>\n<tr>\n<td width=\"83\">Thomas Woronzow<\/td>\n<td width=\"198\">Wilhelm Husser<\/td>\n<\/tr>\n<tr>\n<td width=\"83\"><img data-recalc-dims=\"1\" loading=\"lazy\" decoding=\"async\" data-attachment-id=\"463\" data-permalink=\"https:\/\/www.plantconceptgmbh.de\/en\/ihre-ansprechpartner\/thomas-woronzow\/\" data-orig-file=\"https:\/\/i0.wp.com\/www.plantconceptgmbh.de\/en\/wp-content\/uploads\/sites\/5\/2023\/07\/Thomas-Woronzow.jpg?fit=480%2C640&amp;ssl=1\" data-orig-size=\"480,640\" data-comments-opened=\"0\" data-image-meta=\"{&quot;aperture&quot;:&quot;0&quot;,&quot;credit&quot;:&quot;&quot;,&quot;camera&quot;:&quot;&quot;,&quot;caption&quot;:&quot;&quot;,&quot;created_timestamp&quot;:&quot;0&quot;,&quot;copyright&quot;:&quot;&quot;,&quot;focal_length&quot;:&quot;0&quot;,&quot;iso&quot;:&quot;0&quot;,&quot;shutter_speed&quot;:&quot;0&quot;,&quot;title&quot;:&quot;&quot;,&quot;orientation&quot;:&quot;0&quot;}\" data-image-title=\"Thomas Woronzow\" data-image-description=\"\" data-image-caption=\"\" data-large-file=\"https:\/\/i0.wp.com\/www.plantconceptgmbh.de\/en\/wp-content\/uploads\/sites\/5\/2023\/07\/Thomas-Woronzow.jpg?fit=480%2C640&amp;ssl=1\" class=\"alignnone wp-image-463\" src=\"https:\/\/i0.wp.com\/www.plantconceptgmbh.de\/en\/wp-content\/uploads\/sites\/5\/2023\/07\/Thomas-Woronzow.jpg?resize=133%2C177\" alt=\"\" width=\"133\" height=\"177\" srcset=\"https:\/\/i0.wp.com\/www.plantconceptgmbh.de\/en\/wp-content\/uploads\/sites\/5\/2023\/07\/Thomas-Woronzow.jpg?w=480&amp;ssl=1 480w, https:\/\/i0.wp.com\/www.plantconceptgmbh.de\/en\/wp-content\/uploads\/sites\/5\/2023\/07\/Thomas-Woronzow.jpg?resize=225%2C300&amp;ssl=1 225w\" sizes=\"auto, (max-width: 133px) 100vw, 133px\" \/><\/td>\n<td width=\"198\"><img data-recalc-dims=\"1\" loading=\"lazy\" decoding=\"async\" class=\"alignnone wp-image-803\" src=\"https:\/\/i0.wp.com\/www.plantconceptgmbh.de\/wp-content\/uploads\/2021\/07\/WilhelmHusser.jpg?resize=157%2C152\" alt=\"\" width=\"157\" height=\"152\" \/><\/td>\n<\/tr>\n<tr>\n<td width=\"83\">Tom Sch\u00e4fer<\/td>\n<td width=\"198\">Ramona Tomczak<\/td>\n<\/tr>\n<tr>\n<td width=\"83\"><img data-recalc-dims=\"1\" loading=\"lazy\" decoding=\"async\" data-attachment-id=\"464\" data-permalink=\"https:\/\/www.plantconceptgmbh.de\/en\/ihre-ansprechpartner\/tom-schaefer-2\/\" data-orig-file=\"https:\/\/i0.wp.com\/www.plantconceptgmbh.de\/en\/wp-content\/uploads\/sites\/5\/2023\/07\/Tom-Schaefer.jpg?fit=240%2C320&amp;ssl=1\" data-orig-size=\"240,320\" data-comments-opened=\"0\" data-image-meta=\"{&quot;aperture&quot;:&quot;0&quot;,&quot;credit&quot;:&quot;&quot;,&quot;camera&quot;:&quot;&quot;,&quot;caption&quot;:&quot;&quot;,&quot;created_timestamp&quot;:&quot;0&quot;,&quot;copyright&quot;:&quot;&quot;,&quot;focal_length&quot;:&quot;0&quot;,&quot;iso&quot;:&quot;0&quot;,&quot;shutter_speed&quot;:&quot;0&quot;,&quot;title&quot;:&quot;&quot;,&quot;orientation&quot;:&quot;0&quot;}\" data-image-title=\"Tom Sch\u00e4fer\" data-image-description=\"\" data-image-caption=\"\" data-large-file=\"https:\/\/i0.wp.com\/www.plantconceptgmbh.de\/en\/wp-content\/uploads\/sites\/5\/2023\/07\/Tom-Schaefer.jpg?fit=240%2C320&amp;ssl=1\" class=\"alignnone wp-image-464\" src=\"https:\/\/i0.wp.com\/www.plantconceptgmbh.de\/en\/wp-content\/uploads\/sites\/5\/2023\/07\/Tom-Schaefer.jpg?resize=119%2C159\" alt=\"\" width=\"119\" height=\"159\" srcset=\"https:\/\/i0.wp.com\/www.plantconceptgmbh.de\/en\/wp-content\/uploads\/sites\/5\/2023\/07\/Tom-Schaefer.jpg?w=240&amp;ssl=1 240w, https:\/\/i0.wp.com\/www.plantconceptgmbh.de\/en\/wp-content\/uploads\/sites\/5\/2023\/07\/Tom-Schaefer.jpg?resize=225%2C300&amp;ssl=1 225w\" sizes=\"auto, (max-width: 119px) 100vw, 119px\" \/><\/td>\n<td width=\"198\"><img data-recalc-dims=\"1\" loading=\"lazy\" decoding=\"async\" data-attachment-id=\"437\" data-permalink=\"https:\/\/www.plantconceptgmbh.de\/en\/ihre-ansprechpartner\/ramona-tomczak\/\" data-orig-file=\"https:\/\/i0.wp.com\/www.plantconceptgmbh.de\/en\/wp-content\/uploads\/sites\/5\/2022\/07\/Ramona-Tomczak.jpg?fit=280%2C320&amp;ssl=1\" data-orig-size=\"280,320\" data-comments-opened=\"0\" data-image-meta=\"{&quot;aperture&quot;:&quot;0&quot;,&quot;credit&quot;:&quot;&quot;,&quot;camera&quot;:&quot;&quot;,&quot;caption&quot;:&quot;&quot;,&quot;created_timestamp&quot;:&quot;0&quot;,&quot;copyright&quot;:&quot;&quot;,&quot;focal_length&quot;:&quot;0&quot;,&quot;iso&quot;:&quot;0&quot;,&quot;shutter_speed&quot;:&quot;0&quot;,&quot;title&quot;:&quot;&quot;,&quot;orientation&quot;:&quot;0&quot;}\" data-image-title=\"Ramona Tomczak\" data-image-description=\"\" data-image-caption=\"\" data-large-file=\"https:\/\/i0.wp.com\/www.plantconceptgmbh.de\/en\/wp-content\/uploads\/sites\/5\/2022\/07\/Ramona-Tomczak.jpg?fit=280%2C320&amp;ssl=1\" class=\"alignnone wp-image-437\" src=\"https:\/\/i0.wp.com\/www.plantconceptgmbh.de\/en\/wp-content\/uploads\/sites\/5\/2022\/07\/Ramona-Tomczak.jpg?resize=138%2C158\" alt=\"\" width=\"138\" height=\"158\" srcset=\"https:\/\/i0.wp.com\/www.plantconceptgmbh.de\/en\/wp-content\/uploads\/sites\/5\/2022\/07\/Ramona-Tomczak.jpg?resize=263%2C300&amp;ssl=1 263w, https:\/\/i0.wp.com\/www.plantconceptgmbh.de\/en\/wp-content\/uploads\/sites\/5\/2022\/07\/Ramona-Tomczak.jpg?w=280&amp;ssl=1 280w\" sizes=\"auto, (max-width: 138px) 100vw, 138px\" \/><\/td>\n<\/tr>\n<tr>\n<td width=\"83\">Elmin Hirki\u0107<\/td>\n<td width=\"198\">Eldin Catic<\/td>\n<\/tr>\n<tr>\n<td width=\"83\"><\/td>\n<td width=\"198\"><img data-recalc-dims=\"1\" loading=\"lazy\" decoding=\"async\" data-attachment-id=\"466\" data-permalink=\"https:\/\/www.plantconceptgmbh.de\/en\/ihre-ansprechpartner\/eldin-catic\/\" data-orig-file=\"https:\/\/i0.wp.com\/www.plantconceptgmbh.de\/en\/wp-content\/uploads\/sites\/5\/2023\/07\/Eldin-Catic.jpg?fit=480%2C640&amp;ssl=1\" data-orig-size=\"480,640\" data-comments-opened=\"0\" data-image-meta=\"{&quot;aperture&quot;:&quot;0&quot;,&quot;credit&quot;:&quot;&quot;,&quot;camera&quot;:&quot;&quot;,&quot;caption&quot;:&quot;&quot;,&quot;created_timestamp&quot;:&quot;0&quot;,&quot;copyright&quot;:&quot;&quot;,&quot;focal_length&quot;:&quot;0&quot;,&quot;iso&quot;:&quot;0&quot;,&quot;shutter_speed&quot;:&quot;0&quot;,&quot;title&quot;:&quot;&quot;,&quot;orientation&quot;:&quot;0&quot;}\" data-image-title=\"Eldin Catic\" data-image-description=\"\" data-image-caption=\"\" data-large-file=\"https:\/\/i0.wp.com\/www.plantconceptgmbh.de\/en\/wp-content\/uploads\/sites\/5\/2023\/07\/Eldin-Catic.jpg?fit=480%2C640&amp;ssl=1\" class=\"alignnone wp-image-466\" src=\"https:\/\/i0.wp.com\/www.plantconceptgmbh.de\/en\/wp-content\/uploads\/sites\/5\/2023\/07\/Eldin-Catic.jpg?resize=139%2C185\" alt=\"\" width=\"139\" height=\"185\" srcset=\"https:\/\/i0.wp.com\/www.plantconceptgmbh.de\/en\/wp-content\/uploads\/sites\/5\/2023\/07\/Eldin-Catic.jpg?w=480&amp;ssl=1 480w, https:\/\/i0.wp.com\/www.plantconceptgmbh.de\/en\/wp-content\/uploads\/sites\/5\/2023\/07\/Eldin-Catic.jpg?resize=225%2C300&amp;ssl=1 225w\" sizes=\"auto, (max-width: 139px) 100vw, 139px\" \/><\/td>\n<\/tr>\n<tr>\n<td width=\"83\">Silke Asbeck<\/td>\n<td width=\"198\"><\/td>\n<\/tr>\n<tr>\n<td width=\"83\"><img data-recalc-dims=\"1\" loading=\"lazy\" decoding=\"async\" data-attachment-id=\"467\" data-permalink=\"https:\/\/www.plantconceptgmbh.de\/en\/ihre-ansprechpartner\/silke-asbeck\/\" data-orig-file=\"https:\/\/i0.wp.com\/www.plantconceptgmbh.de\/en\/wp-content\/uploads\/sites\/5\/2023\/07\/Silke-Asbeck.jpg?fit=480%2C640&amp;ssl=1\" data-orig-size=\"480,640\" data-comments-opened=\"0\" data-image-meta=\"{&quot;aperture&quot;:&quot;0&quot;,&quot;credit&quot;:&quot;&quot;,&quot;camera&quot;:&quot;&quot;,&quot;caption&quot;:&quot;&quot;,&quot;created_timestamp&quot;:&quot;0&quot;,&quot;copyright&quot;:&quot;&quot;,&quot;focal_length&quot;:&quot;0&quot;,&quot;iso&quot;:&quot;0&quot;,&quot;shutter_speed&quot;:&quot;0&quot;,&quot;title&quot;:&quot;&quot;,&quot;orientation&quot;:&quot;0&quot;}\" data-image-title=\"Silke Asbeck\" data-image-description=\"\" data-image-caption=\"\" data-large-file=\"https:\/\/i0.wp.com\/www.plantconceptgmbh.de\/en\/wp-content\/uploads\/sites\/5\/2023\/07\/Silke-Asbeck.jpg?fit=480%2C640&amp;ssl=1\" class=\"alignnone wp-image-467\" src=\"https:\/\/i0.wp.com\/www.plantconceptgmbh.de\/en\/wp-content\/uploads\/sites\/5\/2023\/07\/Silke-Asbeck.jpg?resize=147%2C196\" alt=\"\" width=\"147\" height=\"196\" srcset=\"https:\/\/i0.wp.com\/www.plantconceptgmbh.de\/en\/wp-content\/uploads\/sites\/5\/2023\/07\/Silke-Asbeck.jpg?w=480&amp;ssl=1 480w, https:\/\/i0.wp.com\/www.plantconceptgmbh.de\/en\/wp-content\/uploads\/sites\/5\/2023\/07\/Silke-Asbeck.jpg?resize=225%2C300&amp;ssl=1 225w\" sizes=\"auto, (max-width: 147px) 100vw, 147px\" \/><\/td>\n<td width=\"198\"><\/td>\n<\/tr>\n<\/tbody>\n<\/table>\n<\/div>\n<\/div>\n<\/div>\n<\/div>\n","protected":false},"excerpt":{"rendered":"<p>We create solutions &#8211; personally and individually We are your reliable and flexible logistics partner with a pronounced quality awareness! By wide logistic knowledge and need inquiry in the\u00a0personal conversation\u00a0we\u00a0find\u00a0the\u00a0optimum solution\u00a0for you. Meanwhile our qualified team of dispatchers and drivers will always provide you with competent assistance \u2013 we do not leave you alone or&hellip;<\/p>\n","protected":false},"author":1,"featured_media":0,"parent":0,"menu_order":0,"comment_status":"closed","ping_status":"closed","template":"","meta":{"jetpack_post_was_ever_published":false,"footnotes":""},"class_list":["post-29","page","type-page","status-publish","hentry"],"jetpack_sharing_enabled":true,"jetpack_shortlink":"https:\/\/wp.me\/P9mkyC-t","jetpack_likes_enabled":true,"jetpack-related-posts":[{"id":21,"url":"https:\/\/www.plantconceptgmbh.de\/en\/our-services\/we-create-solutions\/","url_meta":{"origin":29,"position":0},"title":"We Create Solutions","author":"Rehne","date":"23\/11\/2017","format":false,"excerpt":"We create solutions \u2013 personally and individually We are the number one logistic partner for you for sensitive shipment. With us as your logistic partner, you can count on deep and brought logistic knowledge, offering optimum solutions based on a proper briefing to you. We see our client as fair\u2026","rel":"","context":"\u00c4hnlicher Beitrag","block_context":{"text":"\u00c4hnlicher Beitrag","link":""},"img":{"alt_text":"","src":"","width":0,"height":0},"classes":[]},{"id":31,"url":"https:\/\/www.plantconceptgmbh.de\/en\/impressum\/","url_meta":{"origin":29,"position":1},"title":"Impressum","author":"Rehne","date":"23\/11\/2017","format":false,"excerpt":"Plant Concept Gesellschaft mit beschr\u00e4nkter Haftung (GmbH) Carl-K\u00fchne-Stra\u00dfe 6 D-47638 Straelen Telefon: +49 2302 202 4874 Telefax: +49 2302 202 4875 E-Mail: info@plc-gmbh.de Gesch\u00e4ftsf\u00fchrung: Dipl.-Ing. (FH) Michael Thomas,\u00a0 \u00a0 \u00a0 \u00a0 \u00a0 \u00a0 \u00a0 \u00a0 \u00a0 \u00a0 \u00a0 \u00a0 \u00a0 \u00a0 \u00a0 \u00a0 \u00a0 \u00a0 \u00a0 \u00a0 \u00a0 \u00a0 \u00a0\u2026","rel":"","context":"\u00c4hnlicher Beitrag","block_context":{"text":"\u00c4hnlicher Beitrag","link":""},"img":{"alt_text":"","src":"","width":0,"height":0},"classes":[]},{"id":274,"url":"https:\/\/www.plantconceptgmbh.de\/en\/private-policy\/","url_meta":{"origin":29,"position":2},"title":"Private Policy","author":"Rehne","date":"02\/05\/2018","format":false,"excerpt":"Privacy Policy We are very delighted that you have shown interest in our enterprise. Data protection is of a particularly high priority for the management of the Plant Concept GmbH. The use of the Internet pages of the Plant Concept GmbH is possible without any indication of personal data; however,\u2026","rel":"","context":"\u00c4hnlicher Beitrag","block_context":{"text":"\u00c4hnlicher Beitrag","link":""},"img":{"alt_text":"","src":"","width":0,"height":0},"classes":[]},{"id":19,"url":"https:\/\/www.plantconceptgmbh.de\/en\/our-services\/always-one-step-ahead\/","url_meta":{"origin":29,"position":3},"title":"Always One Step Ahead","author":"Rehne","date":"23\/11\/2017","format":false,"excerpt":"Fair, fast and secure Making the impossible possible We are your partner of sophisticated shipment solutions. Our ambition is to find the best possible transport solution for you, fair, fast and secure. We pick-up all shipment the evening (Monday-Friday) before and deliver them to your customers over night next day:\u2026","rel":"","context":"\u00c4hnlicher Beitrag","block_context":{"text":"\u00c4hnlicher Beitrag","link":""},"img":{"alt_text":"","src":"","width":0,"height":0},"classes":[]},{"id":17,"url":"https:\/\/www.plantconceptgmbh.de\/en\/our-services\/limitless-service\/","url_meta":{"origin":29,"position":4},"title":"Limitless Service","author":"Rehne","date":"23\/11\/2017","format":false,"excerpt":"High Class Transport State-of-the-art shipment service in all areas! You can expect a high modern standard of several shipment services upon your demand, individually, customized and across borders. We load your sensitive cargo in the Netherlands and in Germany in the Niederrhein region and distribute this to all areas of\u2026","rel":"","context":"\u00c4hnlicher Beitrag","block_context":{"text":"\u00c4hnlicher Beitrag","link":""},"img":{"alt_text":"","src":"","width":0,"height":0},"classes":[]},{"id":15,"url":"https:\/\/www.plantconceptgmbh.de\/en\/our-services\/","url_meta":{"origin":29,"position":5},"title":"Our Services","author":"Rehne","date":"23\/11\/2017","format":false,"excerpt":"Always one step ahead Your partner in shipping sensitive goods Our strength is the shipment of perishable and sensitive goods by express or overnight. Carrying your shipment safely and reliably is most important to us. We pick-up the cargo directly at the consignor, which requires a sensitive handling \u2013 if\u2026","rel":"","context":"\u00c4hnlicher Beitrag","block_context":{"text":"\u00c4hnlicher Beitrag","link":""},"img":{"alt_text":"","src":"https:\/\/i0.wp.com\/img.youtube.com\/vi\/r5kXTqzZNmM\/0.jpg?resize=350%2C200","width":350,"height":200},"classes":[]}],"_links":{"self":[{"href":"https:\/\/www.plantconceptgmbh.de\/en\/wp-json\/wp\/v2\/pages\/29","targetHints":{"allow":["GET"]}}],"collection":[{"href":"https:\/\/www.plantconceptgmbh.de\/en\/wp-json\/wp\/v2\/pages"}],"about":[{"href":"https:\/\/www.plantconceptgmbh.de\/en\/wp-json\/wp\/v2\/types\/page"}],"author":[{"embeddable":true,"href":"https:\/\/www.plantconceptgmbh.de\/en\/wp-json\/wp\/v2\/users\/1"}],"replies":[{"embeddable":true,"href":"https:\/\/www.plantconceptgmbh.de\/en\/wp-json\/wp\/v2\/comments?post=29"}],"version-history":[{"count":57,"href":"https:\/\/www.plantconceptgmbh.de\/en\/wp-json\/wp\/v2\/pages\/29\/revisions"}],"predecessor-version":[{"id":486,"href":"https:\/\/www.plantconceptgmbh.de\/en\/wp-json\/wp\/v2\/pages\/29\/revisions\/486"}],"wp:attachment":[{"href":"https:\/\/www.plantconceptgmbh.de\/en\/wp-json\/wp\/v2\/media?parent=29"}],"curies":[{"name":"wp","href":"https:\/\/api.w.org\/{rel}","templated":true}]}}